{"id":24,"date":"2023-12-01T21:53:19","date_gmt":"2023-12-01T20:53:19","guid":{"rendered":"https:\/\/nt-project.be\/?page_id=24"},"modified":"2025-10-07T13:25:39","modified_gmt":"2025-10-07T11:25:39","slug":"a-propos","status":"publish","type":"page","link":"https:\/\/nt-project.be\/?page_id=24","title":{"rendered":"A propos"},"content":{"rendered":"\n<figure class=\"wp-block-image aligncenter size-large is-resized\"><img loading=\"lazy\" decoding=\"async\" width=\"1024\" height=\"1016\" src=\"https:\/\/nt-project.be\/wp-content\/uploads\/2023\/12\/LOGO-1024x1016.png\" alt=\"\" class=\"wp-image-17\" style=\"width:187px;height:auto\" srcset=\"https:\/\/nt-project.be\/wp-content\/uploads\/2023\/12\/LOGO-1024x1016.png 1024w, https:\/\/nt-project.be\/wp-content\/uploads\/2023\/12\/LOGO-300x298.png 300w, https:\/\/nt-project.be\/wp-content\/uploads\/2023\/12\/LOGO-150x150.png 150w, https:\/\/nt-project.be\/wp-content\/uploads\/2023\/12\/LOGO-768x762.png 768w, https:\/\/nt-project.be\/wp-content\/uploads\/2023\/12\/LOGO-1536x1524.png 1536w, https:\/\/nt-project.be\/wp-content\/uploads\/2023\/12\/LOGO.png 1950w\" sizes=\"auto, (max-width: 1024px) 100vw, 1024px\" \/><\/figure>\n\n\n\n<p><strong>L&rsquo;entreprise <\/strong><\/p>\n\n\n\n<p>L&rsquo;entreprise NT Project est une soci\u00e9t\u00e9 bruxelloise, fond\u00e9e en 2018, et dirig\u00e9e par Nicolas Quittelier. L&rsquo;\u00e9quipe de NT Project rassemble une \u00e9quipe de professionnels exp\u00e9riment\u00e9s \u00e0 tous types de travaux mais en particulier la peinture, le carrelage, les parquets, le plafonnage, les cloisons, la menuiserie, etc.<\/p>\n\n\n\n<p><strong>Partenaires<\/strong><\/p>\n\n\n\n<p>Nous travaillons, selon la nature du projet, en \u00e9troite collaboration avec des architectes et ing\u00e9nieurs. Pour les grandes installations techniques, de plomberie, d&rsquo;\u00e9lectricit\u00e9, ou encore de gaz, nous collaborons avec de nombreux autres professionnels sp\u00e9cialis\u00e9s et exp\u00e9riment\u00e9s. <\/p>\n\n\n\n<p><strong>Projets<\/strong><\/p>\n\n\n\n<p>NT Projet travaille aussi bien sur des chantiers de particuliers (appartements, maisons, villas) que sur des chantiers professionnels (bureaux, locaux d&rsquo;entreprises) ou encore sur des chantiers publics (communes et r\u00e9gion).<\/p>\n\n\n\n<p><strong>Mat\u00e9riaux<\/strong><\/p>\n\n\n\n<p>Notre entreprise se fournit en mat\u00e9riaux de qualit\u00e9 professionnelle aupr\u00e8s d&rsquo;enseignes bruxelloises r\u00e9put\u00e9es (Facq, Miniox, Caron, G\u00e9d\u00e9-Bois, etc.) garantissant des mat\u00e9riaux durables et de haute performance.<\/p>\n\n\n\n<div class=\"wp-block-columns is-layout-flex wp-container-core-columns-is-layout-28f84493 wp-block-columns-is-layout-flex\">\n<div class=\"wp-block-column is-layout-flow wp-block-column-is-layout-flow\"><\/div>\n\n\n\n<div class=\"wp-block-column is-layout-flow wp-block-column-is-layout-flow\"><\/div>\n\n\n\n<div class=\"wp-block-column is-layout-flow wp-block-column-is-layout-flow\"><\/div>\n<\/div>\n\n\n\n<p><\/p>\n","protected":false},"excerpt":{"rendered":"<p>L&rsquo;entreprise L&rsquo;entreprise NT Project est une soci\u00e9t\u00e9 bruxelloise, fond\u00e9e en 2018, et dirig\u00e9e par Nicolas Quittelier. L&rsquo;\u00e9quipe de NT Project rassemble une \u00e9quipe de professionnels exp\u00e9riment\u00e9s \u00e0 tous types de travaux mais en particulier la peinture, le carrelage, les parquets, le plafonnage, les cloisons, la menuiserie, etc. Partenaires Nous travaillons, selon la nature du projet, [&hellip;]<\/p>\n","protected":false},"author":1,"featured_media":0,"parent":0,"menu_order":0,"comment_status":"closed","ping_status":"closed","template":"","meta":{"footnotes":""},"class_list":["post-24","page","type-page","status-publish","hentry"],"_links":{"self":[{"href":"https:\/\/nt-project.be\/index.php?rest_route=\/wp\/v2\/pages\/24","targetHints":{"allow":["GET"]}}],"collection":[{"href":"https:\/\/nt-project.be\/index.php?rest_route=\/wp\/v2\/pages"}],"about":[{"href":"https:\/\/nt-project.be\/index.php?rest_route=\/wp\/v2\/types\/page"}],"author":[{"embeddable":true,"href":"https:\/\/nt-project.be\/index.php?rest_route=\/wp\/v2\/users\/1"}],"replies":[{"embeddable":true,"href":"https:\/\/nt-project.be\/index.php?rest_route=%2Fwp%2Fv2%2Fcomments&post=24"}],"version-history":[{"count":13,"href":"https:\/\/nt-project.be\/index.php?rest_route=\/wp\/v2\/pages\/24\/revisions"}],"predecessor-version":[{"id":246,"href":"https:\/\/nt-project.be\/index.php?rest_route=\/wp\/v2\/pages\/24\/revisions\/246"}],"wp:attachment":[{"href":"https:\/\/nt-project.be\/index.php?rest_route=%2Fwp%2Fv2%2Fmedia&parent=24"}],"curies":[{"name":"wp","href":"https:\/\/api.w.org\/{rel}","templated":true}]}}